{"id":359,"date":"2024-11-09T20:09:20","date_gmt":"2024-11-09T20:09:20","guid":{"rendered":"https:\/\/rahelkasper.de\/?page_id=359"},"modified":"2025-04-24T06:57:33","modified_gmt":"2025-04-24T06:57:33","slug":"ueber-mich","status":"publish","type":"page","link":"https:\/\/rahelkasper.de\/?page_id=359","title":{"rendered":"\u00dcber Mich"},"content":{"rendered":"\t\t<div data-elementor-type=\"wp-page\" data-elementor-id=\"359\" class=\"elementor elementor-359\" data-elementor-post-type=\"page\">\n\t\t\t\t<div class=\"elementor-element elementor-element-bb580ab e-flex e-con-boxed e-con e-parent\" data-id=\"bb580ab\" data-element_type=\"container\" data-settings=\"{&quot;background_background&quot;:&quot;classic&quot;}\">\n\t\t\t\t\t<div class=\"e-con-inner\">\n\t\t<div class=\"elementor-element elementor-element-5af0ffab e-flex e-con-boxed e-con e-child\" data-id=\"5af0ffab\" data-element_type=\"container\">\n\t\t\t\t\t<div class=\"e-con-inner\">\n\t\t<div class=\"elementor-element elementor-element-4924cd36 e-con-full e-flex e-con e-child\" data-id=\"4924cd36\" data-element_type=\"container\" data-settings=\"{&quot;background_background&quot;:&quot;classic&quot;}\">\n\t\t\t\t<\/div>\n\t\t<div class=\"elementor-element elementor-element-5a09c8b7 e-con-full e-flex e-con e-child\" data-id=\"5a09c8b7\" data-element_type=\"container\" data-settings=\"{&quot;background_background&quot;:&quot;classic&quot;,&quot;animation&quot;:&quot;none&quot;}\">\n\t\t\t\t<div class=\"elementor-element elementor-element-130e12a animated-slow elementor-widget elementor-widget-heading\" data-id=\"130e12a\" data-element_type=\"widget\" data-settings=\"{&quot;_animation&quot;:&quot;none&quot;}\" data-widget_type=\"heading.default\">\n\t\t\t\t<div class=\"elementor-widget-container\">\n\t\t\t\t\t<h2 class=\"elementor-heading-title elementor-size-default\">Herzlich Willkommen<\/h2>\t\t\t\t<\/div>\n\t\t\t\t<\/div>\n\t\t\t\t<div class=\"elementor-element elementor-element-b186e35 elementor-widget elementor-widget-heading\" data-id=\"b186e35\" data-element_type=\"widget\" data-widget_type=\"heading.default\">\n\t\t\t\t<div class=\"elementor-widget-container\">\n\t\t\t\t\t<h2 class=\"elementor-heading-title elementor-size-default\">Sch\u00f6n, dass Du hier bist!<\/h2>\t\t\t\t<\/div>\n\t\t\t\t<\/div>\n\t\t\t\t<div class=\"elementor-element elementor-element-7b7aeffc elementor-widget elementor-widget-text-editor\" data-id=\"7b7aeffc\" data-element_type=\"widget\" data-widget_type=\"text-editor.default\">\n\t\t\t\t<div class=\"elementor-widget-container\">\n\t\t\t\t\t\t\t\t\t<p>Ich bin Rahel, leidenschaftlicher Karrierecoach f\u00fcr ambitionierte Freigeister, die die Sehnsucht nach beruflicher Erf\u00fcllung sp\u00fcren und auf ihren eignen authentischen Karriereweg zur\u00fcckfinden m\u00f6chten.<\/p>\t\t\t\t\t\t\t\t<\/div>\n\t\t\t\t<\/div>\n\t\t\t\t<\/div>\n\t\t\t\t\t<\/div>\n\t\t\t\t<\/div>\n\t\t\t\t\t<\/div>\n\t\t\t\t<\/div>\n\t\t<div class=\"elementor-element elementor-element-688f7c09 e-flex e-con-boxed e-con e-parent\" data-id=\"688f7c09\" data-element_type=\"container\" data-settings=\"{&quot;background_background&quot;:&quot;classic&quot;}\">\n\t\t\t\t\t<div class=\"e-con-inner\">\n\t\t<div class=\"elementor-element elementor-element-3e7dcf6c e-flex e-con-boxed e-con e-child\" data-id=\"3e7dcf6c\" data-element_type=\"container\">\n\t\t\t\t\t<div class=\"e-con-inner\">\n\t\t<div class=\"elementor-element elementor-element-7ab3db67 e-con-full animated-slow e-flex elementor-invisible e-con e-child\" data-id=\"7ab3db67\" data-element_type=\"container\" data-settings=\"{&quot;animation&quot;:&quot;fadeInLeft&quot;,&quot;animation_delay&quot;:200}\">\n\t\t\t\t<div class=\"elementor-element elementor-element-53dadc07 elementor-widget__width-inherit elementor-widget elementor-widget-heading\" data-id=\"53dadc07\" data-element_type=\"widget\" data-widget_type=\"heading.default\">\n\t\t\t\t<div class=\"elementor-widget-container\">\n\t\t\t\t\t<h2 class=\"elementor-heading-title elementor-size-default\">Meine Geschichte<\/h2>\t\t\t\t<\/div>\n\t\t\t\t<\/div>\n\t\t\t\t<div class=\"elementor-element elementor-element-3d265ee4 elementor-widget elementor-widget-text-editor\" data-id=\"3d265ee4\" data-element_type=\"widget\" data-widget_type=\"text-editor.default\">\n\t\t\t\t<div class=\"elementor-widget-container\">\n\t\t\t\t\t\t\t\t\t<p>Aus eigener Erfahrung wei\u00df ich, wie es sich anf\u00fchlt erfolgreich in einem Job zu sein, bei dem von au\u00dfen betrachtet alles perfekt erscheint, aber einfach das Gef\u00fchl der Erf\u00fcllung und Begeisterung fehlt. Ich hatte einen tollen Job in einer Unternehmensberatung mit Abwechslung, spannenden Projekten, sehr netten und motivierten Kollegen, einem super Gehalt und war erfolgreich, bei dem was ich tat. Eigentlich der perfekte Job.<\/p><p>Aber ich merkte mehr und mehr, dass mir mein Job nach einigen Jahren immer weniger Spa\u00df machte und ich mich nicht mehr f\u00fcr die Aufgaben und Themen begeistern konnte. Zudem wurde immer deutlicher, wie die endlosen Arbeitstage mich immer mehr ersch\u00f6pften und mein Privatleben zunehmend auf der Strecke blieb. Gef\u00fchlt hatte ich immer erst am Sonntag Abend wieder Energie f\u00fcr Freizeitaktivit\u00e4ten und w\u00e4re bereit f\u00fcr ein Wochenende gewesen, doch dann startete der Kreis wieder von vorne.<\/p><p>Ich f\u00fchlte mich, als s\u00e4\u00dfe ich in einem Zug, der immer schneller fuhr \u2013 so schnell, dass ein Ausstieg unm\u00f6glich schien. Doch ich wusste nicht einmal, ob ich in die Richtung fahren wollte, in die er mich f\u00fchrte. Als auch meine Gesundheit anfing darunter zu leiden, wurde mir klar, dass ich etwas \u00e4ndern musste.<\/p>\t\t\t\t\t\t\t\t<\/div>\n\t\t\t\t<\/div>\n\t\t\t\t<\/div>\n\t\t<div class=\"elementor-element elementor-element-559f2d51 e-con-full e-flex e-con e-child\" data-id=\"559f2d51\" data-element_type=\"container\" data-settings=\"{&quot;background_background&quot;:&quot;classic&quot;}\">\n\t\t\t\t<\/div>\n\t\t\t\t\t<\/div>\n\t\t\t\t<\/div>\n\t\t\t\t\t<\/div>\n\t\t\t\t<\/div>\n\t\t<div class=\"elementor-element elementor-element-51e74d2 e-flex e-con-boxed elementor-invisible e-con e-parent\" data-id=\"51e74d2\" data-element_type=\"container\" data-settings=\"{&quot;background_background&quot;:&quot;classic&quot;,&quot;animation&quot;:&quot;fadeIn&quot;}\">\n\t\t\t\t\t<div class=\"e-con-inner\">\n\t\t\t\t<div class=\"elementor-element elementor-element-11d12a1 elementor-widget elementor-widget-heading\" data-id=\"11d12a1\" data-element_type=\"widget\" data-widget_type=\"heading.default\">\n\t\t\t\t<div class=\"elementor-widget-container\">\n\t\t\t\t\t<h2 class=\"elementor-heading-title elementor-size-default\">\u201eSuccess without fulfillment is a failure\u201c - &shy; Tony Robbins<\/h2>\t\t\t\t<\/div>\n\t\t\t\t<\/div>\n\t\t\t\t\t<\/div>\n\t\t\t\t<\/div>\n\t\t<div class=\"elementor-element elementor-element-503b7dea e-flex e-con-boxed e-con e-parent\" data-id=\"503b7dea\" data-element_type=\"container\" data-settings=\"{&quot;background_background&quot;:&quot;classic&quot;}\">\n\t\t\t\t\t<div class=\"e-con-inner\">\n\t\t<div class=\"elementor-element elementor-element-4abc2d18 e-flex e-con-boxed e-con e-child\" data-id=\"4abc2d18\" data-element_type=\"container\">\n\t\t\t\t\t<div class=\"e-con-inner\">\n\t\t<div class=\"elementor-element elementor-element-49cb0390 e-con-full e-flex e-con e-child\" data-id=\"49cb0390\" data-element_type=\"container\" data-settings=\"{&quot;background_background&quot;:&quot;classic&quot;}\">\n\t\t\t\t<div class=\"elementor-element elementor-element-608905c1 elementor-widget elementor-widget-text-editor\" data-id=\"608905c1\" data-element_type=\"widget\" data-widget_type=\"text-editor.default\">\n\t\t\t\t<div class=\"elementor-widget-container\">\n\t\t\t\t\t\t\t\t\t<p><strong>Doch ich hatte nicht die geringste Ahnung, was ich anstatt meines aktuellen Jobs machen wollte und wie ich aus dem Hamsterrad rauskommen sollte&#8230;<\/strong><\/p><p>Ich las B\u00fccher, h\u00f6rte Podcast und tauschte mich mit Freunden aus um irgendeinen Ansatzpunkt zu finden und blickte wehm\u00fctig zu den Menschen, die ihre berufliche Passion gefunden hatten &#8211; Denn genau das wollte ich auch. Doch ich wusste nicht wie. Zudem kreisten kleine Gedanken-Saboteure durch meinen Kopf, die zu mir sagten &#8222;Erfolg und gleichzeitig Erf\u00fcllung, das gibt es nicht&#8220;, &#8222;weniger Arbeiten bedeutet weniger Gehalt&#8220;, &#8222;den perfekten Job gibt es nicht&#8220;, und die mich davon abhielten, \u00fcberhaupt mal einen kleinen Blick \u00fcber meine eigens gesteckten Grenzen hinaus zu wagen.<\/p>\t\t\t\t\t\t\t\t<\/div>\n\t\t\t\t<\/div>\n\t\t\t\t<\/div>\n\t\t\t\t\t<\/div>\n\t\t\t\t<\/div>\n\t\t<div class=\"elementor-element elementor-element-2ed464c0 e-flex e-con-boxed e-con e-child\" data-id=\"2ed464c0\" data-element_type=\"container\">\n\t\t\t\t\t<div class=\"e-con-inner\">\n\t\t<div class=\"elementor-element elementor-element-152405e5 e-con-full animated-slow e-flex elementor-invisible e-con e-child\" data-id=\"152405e5\" data-element_type=\"container\" data-settings=\"{&quot;background_background&quot;:&quot;classic&quot;,&quot;animation&quot;:&quot;fadeInRight&quot;,&quot;animation_delay&quot;:400}\">\n\t\t\t\t<div class=\"elementor-element elementor-element-905749b elementor-widget elementor-widget-heading\" data-id=\"905749b\" data-element_type=\"widget\" data-widget_type=\"heading.default\">\n\t\t\t\t<div class=\"elementor-widget-container\">\n\t\t\t\t\t<h2 class=\"elementor-heading-title elementor-size-default\">Comfort kills your calling<\/h2>\t\t\t\t<\/div>\n\t\t\t\t<\/div>\n\t\t\t\t<div class=\"elementor-element elementor-element-26723567 elementor-widget elementor-widget-text-editor\" data-id=\"26723567\" data-element_type=\"widget\" data-widget_type=\"text-editor.default\">\n\t\t\t\t<div class=\"elementor-widget-container\">\n\t\t\t\t\t\t\t\t\t<p>Oft sind es unsere eigenen Gedanken, die uns in der Komfortzone halten, denn dort finden wir das Bekannte, was uns vermeintliche Sicherheit gibt. Unser Gehirn m\u00f6chte nach wie vor in erster Linie unser \u00dcberleben sichern, und alles, was zun\u00e4chst unbekannt erscheint, ist erstmal unsicher. Doch dieser unbewusste Prozess hilft uns nicht dabei, Erf\u00fcllung und Begeisterung zu finden, sondern h\u00e4lt uns dort fest, wo wir eigentlich nicht mehr sein m\u00f6chten.<\/p><p>Ich habe letztendlich den Schritt aus meiner Komfortzone gewagt und habe mir Unterst\u00fctzung gesucht, um mein Mindset zu ver\u00e4ndern und f\u00fcr mich Klarheit dar\u00fcber zu gewinnen, was ich wirklich m\u00f6chte. Ich kann es nur jedem ans Herz legen, diesen Schritt zu gehen, denn auch wenn es Mut, Zeit, Energie und Durchhalteverm\u00f6gen braucht, es lohnt sich so sehr. Jetzt habe ich einen wunderbaren Job in einem tollen Unternehmen gefunden, der zu mir und meinen Werten passt, habe mich nebenbei zum Personal und Business Coach an der Coaching Akademie Berlin (ECA zertifiziert) ausbilden lassen und gehe meiner pers\u00f6nlichen Leidenschaft &#8211; dem Coaching &#8211; nach.<\/p>\t\t\t\t\t\t\t\t<\/div>\n\t\t\t\t<\/div>\n\t\t\t\t<\/div>\n\t\t<div class=\"elementor-element elementor-element-5624458 e-con-full e-flex e-con e-child\" data-id=\"5624458\" data-element_type=\"container\" data-settings=\"{&quot;background_background&quot;:&quot;classic&quot;}\">\n\t\t\t\t<\/div>\n\t\t\t\t\t<\/div>\n\t\t\t\t<\/div>\n\t\t\t\t\t<\/div>\n\t\t\t\t<\/div>\n\t\t<div class=\"elementor-element elementor-element-6abe4f80 e-flex e-con-boxed elementor-invisible e-con e-parent\" data-id=\"6abe4f80\" data-element_type=\"container\" data-settings=\"{&quot;background_background&quot;:&quot;classic&quot;,&quot;animation&quot;:&quot;fadeIn&quot;}\">\n\t\t\t\t\t<div class=\"e-con-inner\">\n\t\t\t\t<div class=\"elementor-element elementor-element-14e42767 elementor-widget elementor-widget-heading\" data-id=\"14e42767\" data-element_type=\"widget\" data-widget_type=\"heading.default\">\n\t\t\t\t<div class=\"elementor-widget-container\">\n\t\t\t\t\t<h2 class=\"elementor-heading-title elementor-size-default\">Gerne begleite ich Dich auf Deinem Weg. Schreib mir gerne eine Nachricht und wir vereinbaren einen kostenlosen Kennlerntermin:<\/h2>\t\t\t\t<\/div>\n\t\t\t\t<\/div>\n\t\t\t\t<div class=\"elementor-element elementor-element-788ac08b elementor-align-center elementor-widget elementor-widget-button\" data-id=\"788ac08b\" data-element_type=\"widget\" data-widget_type=\"button.default\">\n\t\t\t\t<div class=\"elementor-widget-container\">\n\t\t\t\t\t\t\t\t\t<div class=\"elementor-button-wrapper\">\n\t\t\t\t\t<a class=\"elementor-button elementor-button-link elementor-size-sm\" href=\"https:\/\/rahelkasper.de\/?page_id=361\">\n\t\t\t\t\t\t<span class=\"elementor-button-content-wrapper\">\n\t\t\t\t\t\t\t\t\t<span class=\"elementor-button-text\">Zum kontaktformular<\/span>\n\t\t\t\t\t<\/span>\n\t\t\t\t\t<\/a>\n\t\t\t\t<\/div>\n\t\t\t\t\t\t\t\t<\/div>\n\t\t\t\t<\/div>\n\t\t\t\t\t<\/div>\n\t\t\t\t<\/div>\n\t\t\t\t<\/div>\n\t\t","protected":false},"excerpt":{"rendered":"<p>Herzlich Willkommen Sch\u00f6n, dass Du hier bist! Ich bin Rahel, leidenschaftlicher Karrierecoach f\u00fcr ambitionierte Freigeister, die die Sehnsucht nach beruflicher Erf\u00fcllung sp\u00fcren und auf ihren eignen authentischen Karriereweg zur\u00fcckfinden m\u00f6chten. Meine Geschichte Aus eigener Erfahrung wei\u00df ich, wie es sich anf\u00fchlt erfolgreich in einem Job zu sein, bei dem von au\u00dfen betrachtet alles perfekt erscheint, [&hellip;]<\/p>\n","protected":false},"author":1,"featured_media":0,"parent":0,"menu_order":0,"comment_status":"closed","ping_status":"closed","template":"","meta":{"footnotes":""},"class_list":["post-359","page","type-page","status-publish","hentry"],"yoast_head":"<!-- This site is optimized with the Yoast SEO plugin v24.9 - https:\/\/yoast.com\/wordpress\/plugins\/seo\/ -->\n<title>\u00dcber Mich - Rahel Kasper<\/title>\n<meta name=\"robots\" content=\"index, follow, max-snippet:-1, max-image-preview:large, max-video-preview:-1\" \/>\n<link rel=\"canonical\" href=\"https:\/\/rahelkasper.de\/?page_id=359\" \/>\n<meta property=\"og:locale\" content=\"de_DE\" \/>\n<meta property=\"og:type\" content=\"article\" \/>\n<meta property=\"og:title\" content=\"\u00dcber Mich - Rahel Kasper\" \/>\n<meta property=\"og:description\" content=\"Herzlich Willkommen Sch\u00f6n, dass Du hier bist! Ich bin Rahel, leidenschaftlicher Karrierecoach f\u00fcr ambitionierte Freigeister, die die Sehnsucht nach beruflicher Erf\u00fcllung sp\u00fcren und auf ihren eignen authentischen Karriereweg zur\u00fcckfinden m\u00f6chten. Meine Geschichte Aus eigener Erfahrung wei\u00df ich, wie es sich anf\u00fchlt erfolgreich in einem Job zu sein, bei dem von au\u00dfen betrachtet alles perfekt erscheint, [&hellip;]\" \/>\n<meta property=\"og:url\" content=\"https:\/\/rahelkasper.de\/?page_id=359\" \/>\n<meta property=\"og:site_name\" content=\"Rahel Kasper\" \/>\n<meta property=\"article:modified_time\" content=\"2025-04-24T06:57:33+00:00\" \/>\n<meta name=\"twitter:card\" content=\"summary_large_image\" \/>\n<meta name=\"twitter:label1\" content=\"Gesch\u00e4tzte Lesezeit\" \/>\n\t<meta name=\"twitter:data1\" content=\"3\u00a0Minuten\" \/>\n<script type=\"application\/ld+json\" class=\"yoast-schema-graph\">{\"@context\":\"https:\/\/schema.org\",\"@graph\":[{\"@type\":\"WebPage\",\"@id\":\"https:\/\/rahelkasper.de\/?page_id=359\",\"url\":\"https:\/\/rahelkasper.de\/?page_id=359\",\"name\":\"\u00dcber Mich - Rahel Kasper\",\"isPartOf\":{\"@id\":\"https:\/\/rahelkasper.de\/#website\"},\"datePublished\":\"2024-11-09T20:09:20+00:00\",\"dateModified\":\"2025-04-24T06:57:33+00:00\",\"breadcrumb\":{\"@id\":\"https:\/\/rahelkasper.de\/?page_id=359#breadcrumb\"},\"inLanguage\":\"de\",\"potentialAction\":[{\"@type\":\"ReadAction\",\"target\":[\"https:\/\/rahelkasper.de\/?page_id=359\"]}]},{\"@type\":\"BreadcrumbList\",\"@id\":\"https:\/\/rahelkasper.de\/?page_id=359#breadcrumb\",\"itemListElement\":[{\"@type\":\"ListItem\",\"position\":1,\"name\":\"Startseite\",\"item\":\"https:\/\/rahelkasper.de\/\"},{\"@type\":\"ListItem\",\"position\":2,\"name\":\"\u00dcber Mich\"}]},{\"@type\":\"WebSite\",\"@id\":\"https:\/\/rahelkasper.de\/#website\",\"url\":\"https:\/\/rahelkasper.de\/\",\"name\":\"Rahel Kasper\",\"description\":\"Karriere Coaching f\u00fcr ambitionierte Freigeister\",\"publisher\":{\"@id\":\"https:\/\/rahelkasper.de\/#organization\"},\"potentialAction\":[{\"@type\":\"SearchAction\",\"target\":{\"@type\":\"EntryPoint\",\"urlTemplate\":\"https:\/\/rahelkasper.de\/?s={search_term_string}\"},\"query-input\":{\"@type\":\"PropertyValueSpecification\",\"valueRequired\":true,\"valueName\":\"search_term_string\"}}],\"inLanguage\":\"de\"},{\"@type\":\"Organization\",\"@id\":\"https:\/\/rahelkasper.de\/#organization\",\"name\":\"Rahel Kasper\",\"url\":\"https:\/\/rahelkasper.de\/\",\"logo\":{\"@type\":\"ImageObject\",\"inLanguage\":\"de\",\"@id\":\"https:\/\/rahelkasper.de\/#\/schema\/logo\/image\/\",\"url\":\"https:\/\/rahelkasper.de\/wp-content\/uploads\/2024\/11\/Kein-Titel-750-x-250-px-3.png\",\"contentUrl\":\"https:\/\/rahelkasper.de\/wp-content\/uploads\/2024\/11\/Kein-Titel-750-x-250-px-3.png\",\"width\":750,\"height\":250,\"caption\":\"Rahel Kasper\"},\"image\":{\"@id\":\"https:\/\/rahelkasper.de\/#\/schema\/logo\/image\/\"}}]}<\/script>\n<!-- \/ Yoast SEO plugin. -->","yoast_head_json":{"title":"\u00dcber Mich - Rahel Kasper","robots":{"index":"index","follow":"follow","max-snippet":"max-snippet:-1","max-image-preview":"max-image-preview:large","max-video-preview":"max-video-preview:-1"},"canonical":"https:\/\/rahelkasper.de\/?page_id=359","og_locale":"de_DE","og_type":"article","og_title":"\u00dcber Mich - Rahel Kasper","og_description":"Herzlich Willkommen Sch\u00f6n, dass Du hier bist! Ich bin Rahel, leidenschaftlicher Karrierecoach f\u00fcr ambitionierte Freigeister, die die Sehnsucht nach beruflicher Erf\u00fcllung sp\u00fcren und auf ihren eignen authentischen Karriereweg zur\u00fcckfinden m\u00f6chten. Meine Geschichte Aus eigener Erfahrung wei\u00df ich, wie es sich anf\u00fchlt erfolgreich in einem Job zu sein, bei dem von au\u00dfen betrachtet alles perfekt erscheint, [&hellip;]","og_url":"https:\/\/rahelkasper.de\/?page_id=359","og_site_name":"Rahel Kasper","article_modified_time":"2025-04-24T06:57:33+00:00","twitter_card":"summary_large_image","twitter_misc":{"Gesch\u00e4tzte Lesezeit":"3\u00a0Minuten"},"schema":{"@context":"https:\/\/schema.org","@graph":[{"@type":"WebPage","@id":"https:\/\/rahelkasper.de\/?page_id=359","url":"https:\/\/rahelkasper.de\/?page_id=359","name":"\u00dcber Mich - Rahel Kasper","isPartOf":{"@id":"https:\/\/rahelkasper.de\/#website"},"datePublished":"2024-11-09T20:09:20+00:00","dateModified":"2025-04-24T06:57:33+00:00","breadcrumb":{"@id":"https:\/\/rahelkasper.de\/?page_id=359#breadcrumb"},"inLanguage":"de","potentialAction":[{"@type":"ReadAction","target":["https:\/\/rahelkasper.de\/?page_id=359"]}]},{"@type":"BreadcrumbList","@id":"https:\/\/rahelkasper.de\/?page_id=359#breadcrumb","itemListElement":[{"@type":"ListItem","position":1,"name":"Startseite","item":"https:\/\/rahelkasper.de\/"},{"@type":"ListItem","position":2,"name":"\u00dcber Mich"}]},{"@type":"WebSite","@id":"https:\/\/rahelkasper.de\/#website","url":"https:\/\/rahelkasper.de\/","name":"Rahel Kasper","description":"Karriere Coaching f\u00fcr ambitionierte Freigeister","publisher":{"@id":"https:\/\/rahelkasper.de\/#organization"},"potentialAction":[{"@type":"SearchAction","target":{"@type":"EntryPoint","urlTemplate":"https:\/\/rahelkasper.de\/?s={search_term_string}"},"query-input":{"@type":"PropertyValueSpecification","valueRequired":true,"valueName":"search_term_string"}}],"inLanguage":"de"},{"@type":"Organization","@id":"https:\/\/rahelkasper.de\/#organization","name":"Rahel Kasper","url":"https:\/\/rahelkasper.de\/","logo":{"@type":"ImageObject","inLanguage":"de","@id":"https:\/\/rahelkasper.de\/#\/schema\/logo\/image\/","url":"https:\/\/rahelkasper.de\/wp-content\/uploads\/2024\/11\/Kein-Titel-750-x-250-px-3.png","contentUrl":"https:\/\/rahelkasper.de\/wp-content\/uploads\/2024\/11\/Kein-Titel-750-x-250-px-3.png","width":750,"height":250,"caption":"Rahel Kasper"},"image":{"@id":"https:\/\/rahelkasper.de\/#\/schema\/logo\/image\/"}}]}},"_links":{"self":[{"href":"https:\/\/rahelkasper.de\/index.php?rest_route=\/wp\/v2\/pages\/359","targetHints":{"allow":["GET"]}}],"collection":[{"href":"https:\/\/rahelkasper.de\/index.php?rest_route=\/wp\/v2\/pages"}],"about":[{"href":"https:\/\/rahelkasper.de\/index.php?rest_route=\/wp\/v2\/types\/page"}],"author":[{"embeddable":true,"href":"https:\/\/rahelkasper.de\/index.php?rest_route=\/wp\/v2\/users\/1"}],"replies":[{"embeddable":true,"href":"https:\/\/rahelkasper.de\/index.php?rest_route=%2Fwp%2Fv2%2Fcomments&post=359"}],"version-history":[{"count":151,"href":"https:\/\/rahelkasper.de\/index.php?rest_route=\/wp\/v2\/pages\/359\/revisions"}],"predecessor-version":[{"id":1434,"href":"https:\/\/rahelkasper.de\/index.php?rest_route=\/wp\/v2\/pages\/359\/revisions\/1434"}],"wp:attachment":[{"href":"https:\/\/rahelkasper.de\/index.php?rest_route=%2Fwp%2Fv2%2Fmedia&parent=359"}],"curies":[{"name":"wp","href":"https:\/\/api.w.org\/{rel}","templated":true}]}}